{"id":110,"date":"2025-11-20T12:03:09","date_gmt":"2025-11-20T12:03:09","guid":{"rendered":"https:\/\/cert.rest\/?page_id=110"},"modified":"2025-12-15T14:59:51","modified_gmt":"2025-12-15T14:59:51","slug":"despre-noi","status":"publish","type":"page","link":"https:\/\/cert.rest\/?page_id=110","title":{"rendered":"Despre noi"},"content":{"rendered":"\n<p>V\u0103 invit\u0103m s\u0103 conta\u021bi pe experien\u021ba practic\u0103 abundent\u0103 \u0219i certific\u0103rile profesionale pe care vi le oferim de peste 25 de ani. <\/p>\n\n\n\n<p>Exper\u021bii \u0219i colaboratorii no\u0219tri au contribuit la succesul implement\u0103rii cerin\u021belor de protec\u021bie a datelor cu caracter personal pentru societ\u0103\u021bi comerciale, institu\u021bii \u0219i organiza\u021bii locale \u0219i centrale, asigur\u00e2nd administrarea continu\u0103 a solu\u021biilor optime necesare derul\u0103rii activit\u0103\u021bilor \u00een cele mai bune condi\u021bii.<\/p>\n\n\n\n<p>Beneficia\u021bi de sus\u021binere \u0219i actualiz\u0103ri constante, prin toate mijloacele moderne de comunicare disponibile, cu m\u0103suri tehnice \u0219i organizatorice aplicate \u00een timp util, \u00een vederea combaterii riscurilor asociate opera\u021biunilor curente, restabilind randamentul necesar al sistemelor utilizate de fiecare operator \u00een parte.<\/p>\n\n\n\n<p>Ne preg\u0103tim \u00een continuare, pentru a putea garanta cele mai \u00eenalte standarde profesionale \u0219i pentru a demonstra compenten\u021bele necesare \u00een situa\u021biile curente \u0219i anticipate.<\/p>\n\n\n\n<div class=\"wp-block-columns alignwide is-layout-flex wp-container-core-columns-is-layout-9d6595d7 wp-block-columns-is-layout-flex\">\n<div class=\"wp-block-column is-layout-flow wp-block-column-is-layout-flow\" style=\"flex-basis:100%\">\n<figure class=\"wp-block-image size-large\"><img loading=\"lazy\" decoding=\"async\" width=\"1024\" height=\"683\" src=\"https:\/\/cert.rest\/wp-content\/uploads\/2025\/12\/data-recovery-1024x683.png\" alt=\"\" class=\"wp-image-151\" srcset=\"https:\/\/cert.rest\/wp-content\/uploads\/2025\/12\/data-recovery-1024x683.png 1024w, https:\/\/cert.rest\/wp-content\/uploads\/2025\/12\/data-recovery-300x200.png 300w, https:\/\/cert.rest\/wp-content\/uploads\/2025\/12\/data-recovery-768x512.png 768w, https:\/\/cert.rest\/wp-content\/uploads\/2025\/12\/data-recovery-800x533.png 800w, https:\/\/cert.rest\/wp-content\/uploads\/2025\/12\/data-recovery.png 1536w\" sizes=\"auto, (max-width: 1024px) 100vw, 1024px\" \/><\/figure>\n<\/div>\n<\/div>\n\n\n\n<p><\/p>\n","protected":false},"excerpt":{"rendered":"<p>V\u0103 invit\u0103m s\u0103 conta\u021bi pe experien\u021ba practic\u0103 abundent\u0103 \u0219i certific\u0103rile profesionale pe care vi le oferim de peste 25 de<\/p>\n<div class=\"read-more-wrapper\"><a class=\"more-link read-more-link\" href=\"https:\/\/cert.rest\/?page_id=110\">Read More<\/a><\/div>\n","protected":false},"author":1,"featured_media":0,"parent":0,"menu_order":0,"comment_status":"closed","ping_status":"closed","template":"","meta":{"footnotes":""},"class_list":["post-110","page","type-page","status-publish","hentry"],"_links":{"self":[{"href":"https:\/\/cert.rest\/index.php?rest_route=\/wp\/v2\/pages\/110","targetHints":{"allow":["GET"]}}],"collection":[{"href":"https:\/\/cert.rest\/index.php?rest_route=\/wp\/v2\/pages"}],"about":[{"href":"https:\/\/cert.rest\/index.php?rest_route=\/wp\/v2\/types\/page"}],"author":[{"embeddable":true,"href":"https:\/\/cert.rest\/index.php?rest_route=\/wp\/v2\/users\/1"}],"replies":[{"embeddable":true,"href":"https:\/\/cert.rest\/index.php?rest_route=%2Fwp%2Fv2%2Fcomments&post=110"}],"version-history":[{"count":4,"href":"https:\/\/cert.rest\/index.php?rest_route=\/wp\/v2\/pages\/110\/revisions"}],"predecessor-version":[{"id":155,"href":"https:\/\/cert.rest\/index.php?rest_route=\/wp\/v2\/pages\/110\/revisions\/155"}],"wp:attachment":[{"href":"https:\/\/cert.rest\/index.php?rest_route=%2Fwp%2Fv2%2Fmedia&parent=110"}],"curies":[{"name":"wp","href":"https:\/\/api.w.org\/{rel}","templated":true}]}}