{"id":138,"date":"2025-11-25T13:11:07","date_gmt":"2025-11-25T13:11:07","guid":{"rendered":"https:\/\/cert.rest\/?page_id=138"},"modified":"2025-12-16T11:50:11","modified_gmt":"2025-12-16T11:50:11","slug":"servicii","status":"publish","type":"page","link":"https:\/\/cert.rest\/?page_id=138","title":{"rendered":"Servicii"},"content":{"rendered":"<h3>\u2705 <strong>1. Conformitate \u0219i implementare GDPR<\/strong><\/h3>\n<ul>\n<li><strong>Analiz\u0103 de conformitate \u0219i evaluare a riscurilor<\/strong>: Identificarea lacunelor \u0219i riscurilor \u00een activit\u0103\u021bile de prelucrare a datelor.<\/li>\n<li><strong>Cartografierea datelor \u0219i registrele de prelucrare<\/strong>: Crearea unui inventar clar al fluxurilor de date cu caracter personal (cerin\u021b\u0103 Articolul 30).<\/li>\n<li><strong>Politici de confiden\u021bialitate \u0219i gestionarea consim\u021b\u0103m\u00e2ntului<\/strong>: Redactarea sau actualizarea politicilor \u0219i implementarea mecanismelor de consim\u021b\u0103m\u00e2nt.<\/li>\n<li><strong>Confiden\u021bialitate prin design<\/strong>: Integrarea principiilor GDPR \u00een sisteme \u0219i procese \u00eenc\u0103 de la \u00eenceput.<\/li>\n<\/ul>\n<hr \/>\n<h3>\u2705 <strong>2. Responsabil pentru Protec\u021bia Datelor externalizat (DPO-as-a-Service)<\/strong><\/h3>\n<ul>\n<li>Numirea unui DPO extern pentru \u00eendeplinirea obliga\u021biilor GDPR f\u0103r\u0103 angajare full-time.<\/li>\n<li>Servicii incluse:\n<ul>\n<li>Desemnarea ca DPO oficial conform GDPR.<\/li>\n<li>Comunicarea cu autorit\u0103\u021bile de supraveghere.<\/li>\n<li>Verificarea realiz\u0103rii DPIA \u0219i monitorizarea conformit\u0103\u021bii.<\/li>\n<\/ul>\n<\/li>\n<\/ul>\n<hr \/>\n<h3>\u2705 <strong>3. Audit \u0219i Training GDPR<\/strong><\/h3>\n<ul>\n<li><strong>Audit<\/strong>: Audit independent pentru verificarea conformit\u0103\u021bii \u0219i preg\u0103tirea pentru controale.<\/li>\n<li><strong>Analiz\u0103 de conformitate<\/strong>: Rapoarte detaliate cu pa\u0219i prioritari de remediere.<\/li>\n<li><strong>Training<\/strong>: Programe de con\u0219tientizare pentru angaja\u021bi, cursuri online \u0219i workshop-uri.<\/li>\n<\/ul>\n<hr \/>\n<h3>\u2705 <strong>4. Consultan\u021b\u0103 \u0219i Consiliere GDPR<\/strong><\/h3>\n<ul>\n<li>Consultan\u021b\u0103 strategic\u0103 pentru programe de conformitate.<\/li>\n<li>Dezvoltarea politicilor \u0219i gestionarea riscurilor furnizorilor.<\/li>\n<li>Suport continuu pentru actualiz\u0103ri legislative.<\/li>\n<\/ul>\n<hr \/>\n<h3>\u2705 <strong>5. Recomandarea unor solu\u021bii software pentru conformitate GDPR<\/strong><\/h3>\n<ul>\n<li>Preg\u0103tirea automatiz\u0103rii sarcinilor precum:\n<ul>\n<li>Descoperirea \u0219i cartografierea datelor.<\/li>\n<li>R\u0103spuns la incidente de securitate.<\/li>\n<li>Gestionarea consim\u021b\u0103m\u00e2ntului.<\/li>\n<\/ul>\n<\/li>\n<\/ul>\n\n<div class=\"wp-block-image\">\n<figure class=\"alignleft size-large\"><img loading=\"lazy\" decoding=\"async\" width=\"1024\" height=\"683\" src=\"https:\/\/cert.rest\/wp-content\/uploads\/2025\/12\/Designer-1024x683.png\" alt=\"\" class=\"wp-image-156\" srcset=\"https:\/\/cert.rest\/wp-content\/uploads\/2025\/12\/Designer-1024x683.png 1024w, https:\/\/cert.rest\/wp-content\/uploads\/2025\/12\/Designer-300x200.png 300w, https:\/\/cert.rest\/wp-content\/uploads\/2025\/12\/Designer-768x512.png 768w, https:\/\/cert.rest\/wp-content\/uploads\/2025\/12\/Designer-800x533.png 800w, https:\/\/cert.rest\/wp-content\/uploads\/2025\/12\/Designer.png 1536w\" sizes=\"auto, (max-width: 1024px) 100vw, 1024px\" \/><\/figure>\n<\/div>","protected":false},"excerpt":{"rendered":"<p>\u2705 1. Conformitate \u0219i implementare GDPR Analiz\u0103 de conformitate \u0219i evaluare a riscurilor: Identificarea lacunelor \u0219i riscurilor \u00een activit\u0103\u021bile de<\/p>\n<div class=\"read-more-wrapper\"><a class=\"more-link read-more-link\" href=\"https:\/\/cert.rest\/?page_id=138\">Read More<\/a><\/div>\n","protected":false},"author":1,"featured_media":0,"parent":0,"menu_order":0,"comment_status":"closed","ping_status":"closed","template":"","meta":{"footnotes":""},"class_list":["post-138","page","type-page","status-publish","hentry"],"_links":{"self":[{"href":"https:\/\/cert.rest\/index.php?rest_route=\/wp\/v2\/pages\/138","targetHints":{"allow":["GET"]}}],"collection":[{"href":"https:\/\/cert.rest\/index.php?rest_route=\/wp\/v2\/pages"}],"about":[{"href":"https:\/\/cert.rest\/index.php?rest_route=\/wp\/v2\/types\/page"}],"author":[{"embeddable":true,"href":"https:\/\/cert.rest\/index.php?rest_route=\/wp\/v2\/users\/1"}],"replies":[{"embeddable":true,"href":"https:\/\/cert.rest\/index.php?rest_route=%2Fwp%2Fv2%2Fcomments&post=138"}],"version-history":[{"count":5,"href":"https:\/\/cert.rest\/index.php?rest_route=\/wp\/v2\/pages\/138\/revisions"}],"predecessor-version":[{"id":159,"href":"https:\/\/cert.rest\/index.php?rest_route=\/wp\/v2\/pages\/138\/revisions\/159"}],"wp:attachment":[{"href":"https:\/\/cert.rest\/index.php?rest_route=%2Fwp%2Fv2%2Fmedia&parent=138"}],"curies":[{"name":"wp","href":"https:\/\/api.w.org\/{rel}","templated":true}]}}