{"id":77,"date":"2025-11-19T15:04:31","date_gmt":"2025-11-19T15:04:31","guid":{"rendered":"https:\/\/cert.rest\/?page_id=77"},"modified":"2025-11-20T12:09:14","modified_gmt":"2025-11-20T12:09:14","slug":"privacy-policy","status":"publish","type":"page","link":"https:\/\/cert.rest\/?page_id=77","title":{"rendered":"Politica de confiden\u021bialitate"},"content":{"rendered":"\n<p>Acest site func\u021bioneaz\u0103 f\u0103r\u0103 cookies, \u00een deplin\u0103 libertate de r\u0103sfoire a paginilor, respect\u00e2ndu-v\u0103 op\u021biunile \u0219i intimitatea. Orice site poate fi verificat folosind&nbsp;<a href=\"http:\/\/www.cookie-checker.com\/\" target=\"_blank\" rel=\"noreferrer noopener\">http:\/\/www.cookie-checker.com\/<\/a>.&nbsp; Pentru informare, prevederile aplicabile \u0219i \u00een Rom\u00e2nia pot fi citite aici:&nbsp;<a href=\"http:\/\/ec.europa.eu\/ipg\/basics\/legal\/cookies\/\" target=\"_blank\" rel=\"noreferrer noopener\">http:\/\/ec.europa.eu\/ipg\/basics\/legal\/cookies\/<\/a>.<\/p>\n\n\n\n<p>Totu\u0219i, nimic nu poate fi garantat pe Internet, v\u0103 rug\u0103m s\u0103 v\u0103 lua\u021bi m\u0103surile adecvate de protec\u021bie: actualiza\u021bi-v\u0103 permanent sistemele informatice, platforma de operare, programele folosite, inclusiv pentru a preveni accesul neautorizat, instalarea unor viru\u0219i sau alte incidente de securitate.<\/p>\n\n\n\n<p>At\u00e2t c\u00e2t ne st\u0103 \u00een putin\u021b\u0103, evit\u0103m colectarea de date personale. Eventualele date de contact pe care ni le transmite\u021bi prin email vor fi securizate conform GDPR, f\u0103r\u0103 a fi retransmise c\u0103tre ter\u021bi. Le vom utiliza strict pentru scopul pentru care ni le \u00eencredin\u021ba\u021bi \u0219i pentru o perioad\u0103 limitat\u0103 de timp, de cel mult 6 luni.<\/p>\n\n\n\n<p>This website operates FREE of cookies, from all pages, considering your options and privacy. Any site can be checked using&nbsp;&nbsp;<a href=\"http:\/\/www.cookie-checker.com\/\" target=\"_blank\" rel=\"noreferrer noopener\">http:\/\/www.cookie-checker.com\/<\/a>.&nbsp; For your information, applicable provisions for Rom\u00e2nia can be accessed here:&nbsp;<a href=\"http:\/\/ec.europa.eu\/ipg\/basics\/legal\/cookies\/\" target=\"_blank\" rel=\"noreferrer noopener\">http:\/\/ec.europa.eu\/ipg\/basics\/legal\/cookies\/<\/a>.<\/p>\n\n\n\n<p>Nevertheless, nothing can be guaranteed over the Internet, please be cautios and: update your IT system, software, including firewalls, in order to prevent viruses, unauthorized access or otner security incidents.<\/p>\n\n\n\n<p>As much as we can, we avoid collecting personal data. Whenever you send us your contact details through email, we will secure them according to GDPR, without sending them to any other third parties. We will use them strictly for the purpose you provide your personal data and for a limited period of time, of maximum 6 months.<\/p>\n","protected":false},"excerpt":{"rendered":"<p>Acest site func\u021bioneaz\u0103 f\u0103r\u0103 cookies, \u00een deplin\u0103 libertate de r\u0103sfoire a paginilor, respect\u00e2ndu-v\u0103 op\u021biunile \u0219i intimitatea. Orice site poate fi<\/p>\n<div class=\"read-more-wrapper\"><a class=\"more-link read-more-link\" href=\"https:\/\/cert.rest\/?page_id=77\">Read More<\/a><\/div>\n","protected":false},"author":1,"featured_media":0,"parent":0,"menu_order":0,"comment_status":"closed","ping_status":"closed","template":"","meta":{"footnotes":""},"class_list":["post-77","page","type-page","status-publish","hentry"],"_links":{"self":[{"href":"https:\/\/cert.rest\/index.php?rest_route=\/wp\/v2\/pages\/77","targetHints":{"allow":["GET"]}}],"collection":[{"href":"https:\/\/cert.rest\/index.php?rest_route=\/wp\/v2\/pages"}],"about":[{"href":"https:\/\/cert.rest\/index.php?rest_route=\/wp\/v2\/types\/page"}],"author":[{"embeddable":true,"href":"https:\/\/cert.rest\/index.php?rest_route=\/wp\/v2\/users\/1"}],"replies":[{"embeddable":true,"href":"https:\/\/cert.rest\/index.php?rest_route=%2Fwp%2Fv2%2Fcomments&post=77"}],"version-history":[{"count":4,"href":"https:\/\/cert.rest\/index.php?rest_route=\/wp\/v2\/pages\/77\/revisions"}],"predecessor-version":[{"id":114,"href":"https:\/\/cert.rest\/index.php?rest_route=\/wp\/v2\/pages\/77\/revisions\/114"}],"wp:attachment":[{"href":"https:\/\/cert.rest\/index.php?rest_route=%2Fwp%2Fv2%2Fmedia&parent=77"}],"curies":[{"name":"wp","href":"https:\/\/api.w.org\/{rel}","templated":true}]}}